{"id":305,"date":"2024-05-27T20:07:39","date_gmt":"2024-05-27T18:07:39","guid":{"rendered":"https:\/\/www.hotelbesiberri.com\/aviso-legal\/"},"modified":"2024-05-27T20:07:39","modified_gmt":"2024-05-27T18:07:39","slug":"aviso-legal","status":"publish","type":"page","link":"https:\/\/www.hotelbesiberri.com\/fr\/aviso-legal\/","title":{"rendered":"Aviso legal"},"content":{"rendered":"<style>.kb-row-layout-id175_ac5a0f-0f > .kt-row-column-wrap{align-content:start;}:where(.kb-row-layout-id175_ac5a0f-0f > .kt-row-column-wrap) > .wp-block-kadence-column{justify-content:start;}.kb-row-layout-id175_ac5a0f-0f > .kt-row-column-wrap{column-gap:var(--global-kb-gap-md, 2rem);row-gap:var(--global-kb-gap-md, 2rem);padding-top:var(--global-kb-spacing-sm, 1.5rem);padding-bottom:var(--global-kb-spacing-sm, 1.5rem);grid-template-columns:minmax(0, 1fr);}.kb-row-layout-id175_ac5a0f-0f > .kt-row-layout-overlay{opacity:0.30;}@media all and (max-width: 1024px){.kb-row-layout-id175_ac5a0f-0f > .kt-row-column-wrap{grid-template-columns:minmax(0, 1fr);}}@media all and (max-width: 767px){.kb-row-layout-id175_ac5a0f-0f > .kt-row-column-wrap{grid-template-columns:minmax(0, 1fr);}}<\/style><div class=\"kb-row-layout-wrap kb-row-layout-id175_ac5a0f-0f alignnone wp-block-kadence-rowlayout\"><div class=\"kt-row-column-wrap kt-has-1-columns kt-row-layout-equal kt-tab-layout-inherit kt-mobile-layout-row kt-row-valign-top\">\n<style>.kadence-column175_bd2aab-4d > .kt-inside-inner-col,.kadence-column175_bd2aab-4d > .kt-inside-inner-col:before{border-top-left-radius:0px;border-top-right-radius:0px;border-bottom-right-radius:0px;border-bottom-left-radius:0px;}.kadence-column175_bd2aab-4d > .kt-inside-inner-col{column-gap:var(--global-kb-gap-sm, 1rem);}.kadence-column175_bd2aab-4d > .kt-inside-inner-col{flex-direction:column;}.kadence-column175_bd2aab-4d > .kt-inside-inner-col > .aligncenter{width:100%;}.kadence-column175_bd2aab-4d > .kt-inside-inner-col:before{opacity:0.3;}.kadence-column175_bd2aab-4d{position:relative;}@media all and (max-width: 1024px){.kadence-column175_bd2aab-4d > .kt-inside-inner-col{flex-direction:column;justify-content:center;}}@media all and (max-width: 767px){.kadence-column175_bd2aab-4d > .kt-inside-inner-col{flex-direction:column;justify-content:center;}}<\/style>\n<div class=\"wp-block-kadence-column kadence-column175_bd2aab-4d\"><div class=\"kt-inside-inner-col\">\n<p>Esta p\u00e1gina Web es propiedad de HOTEL BESIBERRI SL (en adelante Hotel Besiberri) con NIF n\u00ba B25810607 y domicilio en Deth Fort n\u00ba 2 25599 de Arti\u00e9s (LLEIDA) e Inscrita en el Registro Mercantil de Lleida en el Tomo 1457 folio 216, hoja L-29393, inscripci\u00f3n 1a.<\/p>\n\n\n\n<p>Para cualquier consulta o propuesta, cont\u00e1ctenos llamando al tel\u00e9fono +34 973 640 829 o en el e-mail: info@hotelbesiberri.com<br>Esta p\u00e1gina Web se rige por la normativa exclusivamente aplicable en Espa\u00f1a, quedando sometida a ella, tanto nacionales como extranjeros que utilicen esta Web.<\/p>\n\n\n\n<p>El acceso a nuestra p\u00e1gina Web por parte del USUARIO es gratuito y est\u00e1 condicionado a la previa lectura y aceptaci\u00f3n \u00cdntegra, expresa y sin reservas de las presentes CONDICIONES GENERALES DE USO vigentes en el momento del acceso, que rogamos lea detenidamente. El USUARIO en el momento que utiliza nuestro portal, sus contenidos o servicios, acepta y se somete expresamente a las condiciones generales de uso del mismo. Si el usuario no estuviere de acuerdo con las presentes condiciones de uso, deber\u00e1 abstenerse de utilizar este portal y operar por medio del mismo.<\/p>\n\n\n\n<p>El suministro de datos personales a trav\u00e9s de nuestro portal requiere una edad m\u00ednima de 14 a\u00f1os, o en su caso, disponer de capacidad jur\u00eddica suficiente para contratar y la aceptaci\u00f3n expresa de nuestra Pol\u00edtica de Privacidad.<\/p>\n\n\n\n<p>En cualquier momento podremos modificar la presentaci\u00f3n y configuraci\u00f3n de nuestra Web, ampliar o reducir servicios, e incluso suprimirla de la Red, as\u00ed como los servicios y contenidos prestados, todo ello de forma unilateral y sin previo aviso.<\/p>\n\n\n\n<h2 class=\"wp-block-heading\">A. Propiedad intelectual<\/h2>\n\n\n\n<p>Todos los contenidos, textos, im\u00e1genes, marcas y c\u00f3digos fuente son de nuestra propiedad o de terceros a los que se han adquirido sus derechos de explotaci\u00f3n, y est\u00e1n protegidos por los derechos de Propiedad Intelectual e Industrial.<br>El usuario \u00fanicamente tiene derecho a un uso privado de los mismos, sin \u00e1nimo de lucro, y necesita autorizaci\u00f3n expresa para modificarlos, reproducirlos, explotarlos, distribuirlos o ejercer cualquier derecho perteneciente a su titular.<\/p>\n\n\n\n<h2 class=\"wp-block-heading\">B. Condiciones de acceso<\/h2>\n\n\n\n<p>El acceso a nuestra p\u00e1gina Web es gratuito y no exige previa suscripci\u00f3n o registro.<br>El env\u00edo de datos personales implica la aceptaci\u00f3n expresa por parte del USUARIO de nuestra pol\u00edtica de privacidad.<br>El usuario debe acceder a nuestra p\u00e1gina Web conforme a la buena fe, las normas de orden p\u00fablico y a las presentes Condiciones Generales de uso. El acceso a nuestro sitio Web se realiza bajo la propia y exclusiva responsabilidad del usuario, que responder\u00e1 en todo caso de los da\u00f1os y perjuicios que pueda causar a terceros o a nosotros mismos.<br>Teniendo en cuenta la imposibilidad de control respecto a la informaci\u00f3n, contenidos y servicios que contengan otras p\u00e1ginas web a los que se pueda acceder a trav\u00e9s de los enlaces que nuestra p\u00e1gina web pueda poner a su disposici\u00f3n, le comunicamos que quedamos eximidos de cualquier responsabilidad por los da\u00f1os y perjuicios de toda clase que pudiesen derivar por la utilizaci\u00f3n de esas p\u00e1ginas web, ajenas a nuestra empresa, por parte del usuario.<\/p>\n\n\n\n<h2 class=\"wp-block-heading\">C. Pol\u00edtica de privacidad<\/h2>\n\n\n\n<p>La confidencialidad y la seguridad son valores primordiales de HOTEL BESIBERRI y, en consecuencia, asumimos el compromiso de garantizar la privacidad del Usuario en todo momento y de no recabar informaci\u00f3n innecesaria. A continuaci\u00f3n, le proporcionamos toda la informaci\u00f3n necesaria sobre nuestra Pol\u00edtica de Privacidad en relaci\u00f3n con los datos personales que recabamos, explic\u00e1ndole:<\/p>\n\n\n\n<ul class=\"wp-block-list\">\n<li>Qui\u00e9n es el responsable del tratamiento de sus datos.<\/li>\n\n\n\n<li>Para qu\u00e9 finalidades recabamos los datos que le solicitamos.<\/li>\n\n\n\n<li>Cu\u00e1l es la legitimaci\u00f3n para su tratamiento.<\/li>\n\n\n\n<li>Durante cu\u00e1nto tiempo los conservamos.<\/li>\n\n\n\n<li>A qu\u00e9 destinatarios se comunican sus datos.<\/li>\n\n\n\n<li>Cu\u00e1les son sus derechos.<\/li>\n<\/ul>\n\n\n\n<p>1. Responsable<\/p>\n\n\n\n<p>Ver datos en el encabezamiento.<\/p>\n\n\n\n<p>2. Finalidades, legitimaci\u00f3n y conservaci\u00f3n de los tratamientos de los datos enviados a trav\u00e9s de:<\/p>\n\n\n\n<ul class=\"wp-block-list\">\n<li><strong>Formulario de Contacto<\/strong><br>Finalidad: Facilitarle un medio para que pueda ponerse en contacto con nosotros y contestar a sus solicitudes de informaci\u00f3n, as\u00ed como enviarle comunicaciones de nuestros productos, servicios y actividades, inclusive por medios electr\u00f3nicos, si marca la casilla de aceptaci\u00f3n.<br>Legitimaci\u00f3n: El consentimiento del usuario al solicitarnos informaci\u00f3n a trav\u00e9s de nuestro formulario de contactos y al marcar la casilla de aceptaci\u00f3n de env\u00edo de informaci\u00f3n.<br>Conservaci\u00f3n: Hasta que se resuelva su solicitud por medio de nuestro formulario o una vez contestada por correo electr\u00f3nico, si no ha generado un nuevo tratamiento. En caso de haber aceptado recibir env\u00edos comerciales, hasta que solicite la baja de los mismos.<\/li>\n\n\n\n<li><strong>Cl\u00e1usula de informaci\u00f3n para formulario web de reservas<\/strong><br>Finalidad: Tramitar y gestionar su reserva y, en su caso, la garant\u00eda del pago de la misma y, si acepta, enviarle comunicaciones comerciales sobre nuestros productos, servicios y actividades, inclusive por medios electr\u00f3nicos, si marca la casilla de aceptaci\u00f3n.<br>Legitimaci\u00f3n: Solicitud de reserva y consentimiento del interesado al marcar la casilla de aceptaci\u00f3n de env\u00edo de informaci\u00f3n.<br>Conservaci\u00f3n: Durante el plazo de reserva. En su caso, una vez formalizada su estancia, mientras dure la relaci\u00f3n con el cliente. Una vez finalizada, los datos se conservar\u00e1n durante los plazos legalmente previstos para atender eventuales responsabilidad. En caso de haber aceptado recibir env\u00edos comerciales, hasta que solicite la baja de los mismos.<\/li>\n\n\n\n<li><strong>Env\u00edo de correos electr\u00f3nicos<\/strong><br><em>Finalidad:<\/em> Contestar a sus solicitudes de informaci\u00f3n, atender sus peticiones y responder sus consultas o dudas.\u00a0\u00a0En caso de recibir su Curr\u00edculum Vitae por correo electr\u00f3nico, sus datos personales y curriculares podr\u00e1n formar parte de nuestras bases de datos para participar en nuestros procesos de selecci\u00f3n de personal, presentes y futuros.<br><em>Legitimaci\u00f3n:<\/em> El consentimiento del usuario al solicitarnos informaci\u00f3n a trav\u00e9s de la direcci\u00f3n de correo electr\u00f3nico o al enviarnos sus datos y CV para participar en nuestros procesos de selecci\u00f3n.<br><em>Conservaci\u00f3n:<\/em> Una vez contestada su petici\u00f3n por correo electr\u00f3nico, si no ha generado un nuevo tratamiento. En el caso de recibir su CV, sus datos podr\u00e1n ser conservados durante el desarrollo de los procesos de selecci\u00f3n de personal abiertos y, durante 1 a\u00f1o, como m\u00e1ximo, para futuros procesos de selecci\u00f3n.<\/li>\n<\/ul>\n\n\n\n<p><strong>Obligaci\u00f3n de facilitarnos sus datos personales y consecuencias de no hacerlo.<\/strong><\/p>\n\n\n\n<p>El suministro de datos personales requiere una edad m\u00ednima de 14 a\u00f1os , o en su caso, disponer de capacidad jur\u00eddica suficiente para contratar.<br>Los datos personales solicitados son necesarios para gestionar sus solicitudes y\/o prestarle los servicios que pueda contratar, por lo que, si no nos los facilita, no podremos atenderle correctamente ni prestarle el servicio que ha solicitado.<br>En todo caso, nos reservamos el derecho de decidir sobre la incorporaci\u00f3n o no de sus datos personales y dem\u00e1s informaci\u00f3n a nuestras bases de datos.<br>Si el usuario nos proporciona informaci\u00f3n personal de terceros, garantiza haberles suministrado la informaci\u00f3n necesaria acerca de las finalidades y la forma en la que se necesita tratar sus datos personales.<\/p>\n\n\n\n<p>3. Destinatarios de sus datos<\/p>\n\n\n\n<p>Sus datos son confidenciales, ser\u00e1 utilizados exclusivamente de manera interna para las finalidades indicadas y no se ceder\u00e1n a terceros, salvo que exista obligaci\u00f3n legal y\/o cuando la prestaci\u00f3n del servicio implique la necesidad de una relaci\u00f3n contractual con proveedores de servicios encargados del tratamiento, que en ning\u00fan caso tratar\u00e1n sus datos para finalidades propias.<\/p>\n\n\n\n<p>4. Derechos en relaci\u00f3n con sus datos personales<\/p>\n\n\n\n<p>Cualquier persona puede retirar su consentimiento en cualquier momento, cuando el mismo se haya otorgado para el tratamiento de sus datos. En ning\u00fan caso, la retirada de este consentimiento condiciona la ejecuci\u00f3n del contrato de suscripci\u00f3n o las relaciones generadas con anterioridad.<br>Igualmente, puede ejercer los siguientes derechos:<\/p>\n\n\n\n<ul class=\"wp-block-list\">\n<li>Solicitar el acceso a sus datos personales o su rectificaci\u00f3n cuando sean inexactos.<\/li>\n\n\n\n<li>Solicitar su supresi\u00f3n cuando, entre otros motivos, los datos ya no sean necesarios para los fines para los que fueron recogidos.<\/li>\n\n\n\n<li>Solicitar la limitaci\u00f3n de su tratamiento en determinadas circunstancias.<\/li>\n\n\n\n<li>Solicitar la oposici\u00f3n al tratamiento de sus datos por motivos relacionados con su situaci\u00f3n particular.<\/li>\n\n\n\n<li>Solicitar la portabilidad de los datos en los casos previstos en la normativa.<\/li>\n\n\n\n<li>Otros derechos reconocidos en las normativas aplicables.<\/li>\n<\/ul>\n\n\n\n<p>D\u00f3nde y c\u00f3mo solicitar sus Derechos: Mediante un escrito dirigido al responsable a su direcci\u00f3n postal o electr\u00f3nica (indicadas en el apartado A), indicando la referencia \u201cDatos Personales\u201d, especificando el derecho que se quiere ejercer y respecto a qu\u00e9 datos personales.<br>En caso de divergencias con la empresa en relaci\u00f3n con el tratamiento de sus datos, puede presentar una reclamaci\u00f3n ante la Agencia de Protecci\u00f3n de Datos (www.aepd.es).<\/p>\n\n\n\n<p>5. Cookies<\/p>\n\n\n\n<p>Esta p\u00e1gina web utiliza cookies t\u00e9cnicas, de personalizaci\u00f3n y an\u00e1lisis, propias y de terceros que tratan datos de conexi\u00f3n y\/o de los dispositivos para mejorar la experiencia de usuario y registrar una identificaci\u00f3n \u00fanica que se utiliza para generar datos estad\u00edsticos acerca de c\u00f3mo utiliza el visitante la web.<br>Por ello, al acceder a nuestra web, en cumplimiento del art\u00edculo 22 de la Ley de Sociedad de la Informaci\u00f3n, al tratar las cookies mencionadas, le hemos solicitado su consentimiento para su uso y facilitada informaci\u00f3n de las mismas.<\/p>\n\n\n\n<p>6. Seguridad de sus datos personales<\/p>\n\n\n\n<p>Con el objetivo de salvaguardar la seguridad de sus datos personales, le informamos que hemos adoptado todas las medidas de \u00edndole t\u00e9cnica y organizativa necesarias para garantizar la seguridad de los datos personales suministrados de su alteraci\u00f3n, p\u00e9rdida y tratamientos o accesos no autorizados.<\/p>\n\n\n\n<p>7. Actualizaci\u00f3n de sus datos<\/p>\n\n\n\n<p>Es importante que para que podamos mantener sus datos personales actualizados, nos informe siempre que haya habido alguna modificaci\u00f3n en ellos, en caso contrario, no respondemos de la veracidad de los mismos.<br>No nos hacemos responsables de la pol\u00edtica de privacidad respecto a los datos personales que pueda facilitar a terceros por medio de los enlaces disponibles en nuestra p\u00e1gina web.<br>La presente Pol\u00edtica de Privacidad puede ser modificada para adaptarlas a los cambios que se produzca en nuestra web, as\u00ed como modificaciones legislativas o jurisprudenciales sobre datos personales que vayan apareciendo, por lo que exige su lectura, cada vez que nos facilite sus datos a trav\u00e9s de esta Web.<\/p>\n\n\n\n<h2 class=\"wp-block-heading\">D. Responsabilidades<\/h2>\n\n\n\n<p>Al poner a disposici\u00f3n del usuario esta p\u00e1gina Web queremos ofrecerle un servicio de calidad, utilizando la m\u00e1xima diligencia en la prestaci\u00f3n del mismo, as\u00ed como en los medios tecnol\u00f3gicos utilizados. No obstante, no responderemos de la presencia de virus y otros elementos que de alg\u00fan modo puedan da\u00f1ar el sistema inform\u00e1tico del usuario.<br>No garantizamos que la disponibilidad del servicio sea continua e ininterrumpida.<br>No nos hacemos responsables de la pol\u00edtica de privacidad respecto a los datos personales que pueda facilitar a terceros por medio de los enlaces disponibles en nuestra p\u00e1gina web.<br>HOTEL BESIBERRI no garantiza la exactitud, veracidad y vigencia de los contenidos de esta p\u00e1gina web, ya sean propios, de terceros, o enlazables a otras webs, quedando totalmente exonerada de cualquier responsabilidad derivada del uso de la mismos.<br>El USUARIO tiene prohibido cualquier tipo de acci\u00f3n sobre nuestro portal que origine una excesiva sobrecarga de funcionamiento a nuestros sistemas inform\u00e1ticos, as\u00ed como la introducci\u00f3n de virus, o instalaci\u00f3n de robots, o software que altere el normal funcionamiento de nuestra web, o en definitiva pueda causar da\u00f1os a nuestros sistemas inform\u00e1ticos.<br>El USUARIO asume toda la responsabilidad derivada del uso de nuestra p\u00e1gina web.<br>El USUARIO reconoce que ha entendido toda la informaci\u00f3n respecto a las condiciones de uso de nuestro portal, y reconoce que son suficientes para la exclusi\u00f3n del error en las mismas y, por lo tanto, las acepta \u00edntegra y expresamente.<br>Asimismo, el USUARIO es plenamente consciente de que la mera navegaci\u00f3n por la presente p\u00e1gina web, as\u00ed como la utilizaci\u00f3n de sus servicios, implica la aceptaci\u00f3n de las presentes condiciones de uso.<\/p>\n\n\n\n<h2 class=\"wp-block-heading\">E. Vigencia de las condiciones generales de acceso a la web<\/h2>\n\n\n\n<p>Las presentes Condiciones Generales de Uso han sido modificadas con fecha 21\/01\/2020. En cualquier momento podemos proceder a su modificaci\u00f3n: por favor, compruebe la fecha de emisi\u00f3n en cada ocasi\u00f3n en que se conecte a nuestra p\u00e1gina Web y as\u00ed tendr\u00e1 la certeza de que no se ha producido modificaci\u00f3n alguna que le afecte.<br>Para cualquier cuesti\u00f3n respecto a las Condiciones de Uso de nuestra p\u00e1gina web, puede ponerse en contacto con nosotros en los datos arriba indicados.<\/p>\n<\/div><\/div>\n\n<\/div><\/div>","protected":false},"excerpt":{"rendered":"<p>Esta p\u00e1gina Web es propiedad de HOTEL BESIBERRI SL (en adelante Hotel Besiberri) con NIF n\u00ba B25810607 y domicilio en Deth Fort n\u00ba 2 25599 de Arti\u00e9s (LLEIDA) e Inscrita en el Registro Mercantil de Lleida en el Tomo 1457 folio 216, hoja L-29393, inscripci\u00f3n 1a. Para cualquier consulta o propuesta, cont\u00e1ctenos llamando al tel\u00e9fono&#8230;<\/p>\n","protected":false},"author":1,"featured_media":0,"parent":0,"menu_order":0,"comment_status":"closed","ping_status":"closed","template":"","meta":{"_kad_post_transparent":"","_kad_post_title":"","_kad_post_layout":"","_kad_post_sidebar_id":"","_kad_post_content_style":"","_kad_post_vertical_padding":"","_kad_post_feature":"","_kad_post_feature_position":"","_kad_post_header":false,"_kad_post_footer":false,"footnotes":""},"class_list":["post-305","page","type-page","status-publish","hentry"],"aioseo_notices":[],"_links":{"self":[{"href":"https:\/\/www.hotelbesiberri.com\/fr\/wp-json\/wp\/v2\/pages\/305","targetHints":{"allow":["GET"]}}],"collection":[{"href":"https:\/\/www.hotelbesiberri.com\/fr\/wp-json\/wp\/v2\/pages"}],"about":[{"href":"https:\/\/www.hotelbesiberri.com\/fr\/wp-json\/wp\/v2\/types\/page"}],"author":[{"embeddable":true,"href":"https:\/\/www.hotelbesiberri.com\/fr\/wp-json\/wp\/v2\/users\/1"}],"replies":[{"embeddable":true,"href":"https:\/\/www.hotelbesiberri.com\/fr\/wp-json\/wp\/v2\/comments?post=305"}],"version-history":[{"count":0,"href":"https:\/\/www.hotelbesiberri.com\/fr\/wp-json\/wp\/v2\/pages\/305\/revisions"}],"wp:attachment":[{"href":"https:\/\/www.hotelbesiberri.com\/fr\/wp-json\/wp\/v2\/media?parent=305"}],"curies":[{"name":"wp","href":"https:\/\/api.w.org\/{rel}","templated":true}]}}